{"id":74,"date":"2018-10-15T15:51:48","date_gmt":"2018-10-15T13:51:48","guid":{"rendered":"http:\/\/localhost:8\/adcis\/?page_id=74"},"modified":"2026-01-12T11:33:54","modified_gmt":"2026-01-12T10:33:54","slug":"specialiste-en-traitement-et-analyse-dimage","status":"publish","type":"page","link":"https:\/\/www.adcis.net\/fr\/specialiste-en-traitement-et-analyse-dimage\/","title":{"rendered":"Accueil"},"content":{"rendered":"","protected":false},"excerpt":{"rendered":"","protected":false},"author":4,"featured_media":0,"parent":0,"menu_order":0,"comment_status":"closed","ping_status":"open","template":"template-home.php","meta":{"_acf_changed":false,"om_disable_all_campaigns":false,"_monsterinsights_skip_tracking":false,"_monsterinsights_sitenote_active":false,"_monsterinsights_sitenote_note":"","_monsterinsights_sitenote_category":0,"footnotes":""},"class_list":["post-74","page","type-page","status-publish","hentry"],"acf":[],"yoast_head":"<!-- This site is optimized with the Yoast SEO plugin v27.3 - https:\/\/yoast.com\/product\/yoast-seo-wordpress\/ -->\n<title>ADCIS Sp\u00e9cialiste en traitement et analyse d&#039;image<\/title>\n<meta name=\"description\" content=\"ADCIS sp\u00e9cialiste en traitement et analyse d&#039;images, \u00e9diteur de logiciels int\u00e9grant les derni\u00e8res technologies.\" \/>\n<meta name=\"robots\" content=\"index, follow, max-snippet:-1, max-image-preview:large, max-video-preview:-1\" \/>\n<link rel=\"canonical\" href=\"https:\/\/www.adcis.net\/fr\/specialiste-en-traitement-et-analyse-dimage\/\" \/>\n<meta property=\"og:locale\" content=\"fr_FR\" \/>\n<meta property=\"og:type\" content=\"article\" \/>\n<meta property=\"og:title\" content=\"ADCIS Sp\u00e9cialiste en traitement et analyse d&#039;image\" \/>\n<meta property=\"og:description\" content=\"ADCIS sp\u00e9cialiste en traitement et analyse d&#039;images, \u00e9diteur de logiciels int\u00e9grant les derni\u00e8res technologies.\" \/>\n<meta property=\"og:url\" content=\"https:\/\/www.adcis.net\/fr\/specialiste-en-traitement-et-analyse-dimage\/\" \/>\n<meta property=\"og:site_name\" content=\"ADCIS\" \/>\n<meta property=\"article:publisher\" content=\"http:\/\/www.facebook.com\/pages\/ADCIS\/128595650549725\" \/>\n<meta property=\"article:modified_time\" content=\"2026-01-12T10:33:54+00:00\" \/>\n<meta name=\"twitter:card\" content=\"summary_large_image\" \/>\n<meta name=\"twitter:site\" content=\"@ADCIS4\" \/>\n<meta name=\"twitter:label1\" content=\"Dur\u00e9e de lecture estim\u00e9e\" \/>\n\t<meta name=\"twitter:data1\" content=\"6 minutes\" \/>\n<script type=\"application\/ld+json\" class=\"yoast-schema-graph\">{\"@context\":\"https:\\\/\\\/schema.org\",\"@graph\":[{\"@type\":\"WebPage\",\"@id\":\"https:\\\/\\\/www.adcis.net\\\/fr\\\/specialiste-en-traitement-et-analyse-dimage\\\/\",\"url\":\"https:\\\/\\\/www.adcis.net\\\/fr\\\/specialiste-en-traitement-et-analyse-dimage\\\/\",\"name\":\"ADCIS Sp\u00e9cialiste en traitement et analyse d'image\",\"isPartOf\":{\"@id\":\"https:\\\/\\\/www.adcis.net\\\/#website\"},\"datePublished\":\"2018-10-15T13:51:48+00:00\",\"dateModified\":\"2026-01-12T10:33:54+00:00\",\"description\":\"ADCIS sp\u00e9cialiste en traitement et analyse d'images, \u00e9diteur de logiciels int\u00e9grant les derni\u00e8res technologies.\",\"breadcrumb\":{\"@id\":\"https:\\\/\\\/www.adcis.net\\\/fr\\\/specialiste-en-traitement-et-analyse-dimage\\\/#breadcrumb\"},\"inLanguage\":\"fr-FR\",\"potentialAction\":[{\"@type\":\"ReadAction\",\"target\":[\"https:\\\/\\\/www.adcis.net\\\/fr\\\/specialiste-en-traitement-et-analyse-dimage\\\/\"]}]},{\"@type\":\"BreadcrumbList\",\"@id\":\"https:\\\/\\\/www.adcis.net\\\/fr\\\/specialiste-en-traitement-et-analyse-dimage\\\/#breadcrumb\",\"itemListElement\":[{\"@type\":\"ListItem\",\"position\":1,\"name\":\"Accueil\",\"item\":\"https:\\\/\\\/www.adcis.net\\\/en\\\/home\\\/\"},{\"@type\":\"ListItem\",\"position\":2,\"name\":\"Accueil\"}]},{\"@type\":\"WebSite\",\"@id\":\"https:\\\/\\\/www.adcis.net\\\/#website\",\"url\":\"https:\\\/\\\/www.adcis.net\\\/\",\"name\":\"ADCIS\",\"description\":\"Site de la soci\u00e9t\u00e9 ADCIS\",\"publisher\":{\"@id\":\"https:\\\/\\\/www.adcis.net\\\/#organization\"},\"potentialAction\":[{\"@type\":\"SearchAction\",\"target\":{\"@type\":\"EntryPoint\",\"urlTemplate\":\"https:\\\/\\\/www.adcis.net\\\/?s={search_term_string}\"},\"query-input\":{\"@type\":\"PropertyValueSpecification\",\"valueRequired\":true,\"valueName\":\"search_term_string\"}}],\"inLanguage\":\"fr-FR\"},{\"@type\":\"Organization\",\"@id\":\"https:\\\/\\\/www.adcis.net\\\/#organization\",\"name\":\"ADCIS\",\"url\":\"https:\\\/\\\/www.adcis.net\\\/\",\"logo\":{\"@type\":\"ImageObject\",\"inLanguage\":\"fr-FR\",\"@id\":\"https:\\\/\\\/www.adcis.net\\\/#\\\/schema\\\/logo\\\/image\\\/\",\"url\":\"https:\\\/\\\/www.adcis.net\\\/wp-content\\\/uploads\\\/2024\\\/03\\\/Adcis-Logo-mobile-fr.png\",\"contentUrl\":\"https:\\\/\\\/www.adcis.net\\\/wp-content\\\/uploads\\\/2024\\\/03\\\/Adcis-Logo-mobile-fr.png\",\"width\":627,\"height\":919,\"caption\":\"ADCIS\"},\"image\":{\"@id\":\"https:\\\/\\\/www.adcis.net\\\/#\\\/schema\\\/logo\\\/image\\\/\"},\"sameAs\":[\"http:\\\/\\\/www.facebook.com\\\/pages\\\/ADCIS\\\/128595650549725\",\"https:\\\/\\\/x.com\\\/ADCIS4\",\"https:\\\/\\\/www.linkedin.com\\\/company\\\/adcis\",\"http:\\\/\\\/www.youtube.com\\\/user\\\/ADCIS1\"]}]}<\/script>\n<!-- \/ Yoast SEO plugin. -->","yoast_head_json":{"title":"ADCIS Sp\u00e9cialiste en traitement et analyse d'image","description":"ADCIS sp\u00e9cialiste en traitement et analyse d'images, \u00e9diteur de logiciels int\u00e9grant les derni\u00e8res technologies.","robots":{"index":"index","follow":"follow","max-snippet":"max-snippet:-1","max-image-preview":"max-image-preview:large","max-video-preview":"max-video-preview:-1"},"canonical":"https:\/\/www.adcis.net\/fr\/specialiste-en-traitement-et-analyse-dimage\/","og_locale":"fr_FR","og_type":"article","og_title":"ADCIS Sp\u00e9cialiste en traitement et analyse d'image","og_description":"ADCIS sp\u00e9cialiste en traitement et analyse d'images, \u00e9diteur de logiciels int\u00e9grant les derni\u00e8res technologies.","og_url":"https:\/\/www.adcis.net\/fr\/specialiste-en-traitement-et-analyse-dimage\/","og_site_name":"ADCIS","article_publisher":"http:\/\/www.facebook.com\/pages\/ADCIS\/128595650549725","article_modified_time":"2026-01-12T10:33:54+00:00","twitter_card":"summary_large_image","twitter_site":"@ADCIS4","twitter_misc":{"Dur\u00e9e de lecture estim\u00e9e":"6 minutes"},"schema":{"@context":"https:\/\/schema.org","@graph":[{"@type":"WebPage","@id":"https:\/\/www.adcis.net\/fr\/specialiste-en-traitement-et-analyse-dimage\/","url":"https:\/\/www.adcis.net\/fr\/specialiste-en-traitement-et-analyse-dimage\/","name":"ADCIS Sp\u00e9cialiste en traitement et analyse d'image","isPartOf":{"@id":"https:\/\/www.adcis.net\/#website"},"datePublished":"2018-10-15T13:51:48+00:00","dateModified":"2026-01-12T10:33:54+00:00","description":"ADCIS sp\u00e9cialiste en traitement et analyse d'images, \u00e9diteur de logiciels int\u00e9grant les derni\u00e8res technologies.","breadcrumb":{"@id":"https:\/\/www.adcis.net\/fr\/specialiste-en-traitement-et-analyse-dimage\/#breadcrumb"},"inLanguage":"fr-FR","potentialAction":[{"@type":"ReadAction","target":["https:\/\/www.adcis.net\/fr\/specialiste-en-traitement-et-analyse-dimage\/"]}]},{"@type":"BreadcrumbList","@id":"https:\/\/www.adcis.net\/fr\/specialiste-en-traitement-et-analyse-dimage\/#breadcrumb","itemListElement":[{"@type":"ListItem","position":1,"name":"Accueil","item":"https:\/\/www.adcis.net\/en\/home\/"},{"@type":"ListItem","position":2,"name":"Accueil"}]},{"@type":"WebSite","@id":"https:\/\/www.adcis.net\/#website","url":"https:\/\/www.adcis.net\/","name":"ADCIS","description":"Site de la soci\u00e9t\u00e9 ADCIS","publisher":{"@id":"https:\/\/www.adcis.net\/#organization"},"potentialAction":[{"@type":"SearchAction","target":{"@type":"EntryPoint","urlTemplate":"https:\/\/www.adcis.net\/?s={search_term_string}"},"query-input":{"@type":"PropertyValueSpecification","valueRequired":true,"valueName":"search_term_string"}}],"inLanguage":"fr-FR"},{"@type":"Organization","@id":"https:\/\/www.adcis.net\/#organization","name":"ADCIS","url":"https:\/\/www.adcis.net\/","logo":{"@type":"ImageObject","inLanguage":"fr-FR","@id":"https:\/\/www.adcis.net\/#\/schema\/logo\/image\/","url":"https:\/\/www.adcis.net\/wp-content\/uploads\/2024\/03\/Adcis-Logo-mobile-fr.png","contentUrl":"https:\/\/www.adcis.net\/wp-content\/uploads\/2024\/03\/Adcis-Logo-mobile-fr.png","width":627,"height":919,"caption":"ADCIS"},"image":{"@id":"https:\/\/www.adcis.net\/#\/schema\/logo\/image\/"},"sameAs":["http:\/\/www.facebook.com\/pages\/ADCIS\/128595650549725","https:\/\/x.com\/ADCIS4","https:\/\/www.linkedin.com\/company\/adcis","http:\/\/www.youtube.com\/user\/ADCIS1"]}]}},"_links":{"self":[{"href":"https:\/\/www.adcis.net\/index.php\/wp-json\/wp\/v2\/pages\/74","targetHints":{"allow":["GET"]}}],"collection":[{"href":"https:\/\/www.adcis.net\/index.php\/wp-json\/wp\/v2\/pages"}],"about":[{"href":"https:\/\/www.adcis.net\/index.php\/wp-json\/wp\/v2\/types\/page"}],"author":[{"embeddable":true,"href":"https:\/\/www.adcis.net\/index.php\/wp-json\/wp\/v2\/users\/4"}],"replies":[{"embeddable":true,"href":"https:\/\/www.adcis.net\/index.php\/wp-json\/wp\/v2\/comments?post=74"}],"version-history":[{"count":65,"href":"https:\/\/www.adcis.net\/index.php\/wp-json\/wp\/v2\/pages\/74\/revisions"}],"predecessor-version":[{"id":8746,"href":"https:\/\/www.adcis.net\/index.php\/wp-json\/wp\/v2\/pages\/74\/revisions\/8746"}],"wp:attachment":[{"href":"https:\/\/www.adcis.net\/index.php\/wp-json\/wp\/v2\/media?parent=74"}],"curies":[{"name":"wp","href":"https:\/\/api.w.org\/{rel}","templated":true}]}}