{"id":1662,"date":"2019-01-02T18:09:42","date_gmt":"2019-01-02T17:09:42","guid":{"rendered":"https:\/\/www.adcis.net\/?page_id=1662"},"modified":"2025-10-17T17:37:16","modified_gmt":"2025-10-17T15:37:16","slug":"aphelion-dev-es","status":"publish","type":"page","link":"https:\/\/www.adcis.net\/es\/aphelion-dev-es\/","title":{"rendered":"Aphelion Dev"},"content":{"rendered":"","protected":false},"excerpt":{"rendered":"","protected":false},"author":4,"featured_media":0,"parent":0,"menu_order":0,"comment_status":"closed","ping_status":"closed","template":"template-products.php","meta":{"_acf_changed":false,"om_disable_all_campaigns":false,"_monsterinsights_skip_tracking":false,"_monsterinsights_sitenote_active":false,"_monsterinsights_sitenote_note":"","_monsterinsights_sitenote_category":0,"footnotes":""},"class_list":["post-1662","page","type-page","status-publish","hentry"],"acf":[],"yoast_head":"<!-- This site is optimized with the Yoast SEO plugin v27.3 - https:\/\/yoast.com\/product\/yoast-seo-wordpress\/ -->\n<title>Aphelion Dev - ADCIS<\/title>\n<meta name=\"description\" content=\"Software de procesamiento de im\u00e1genes para la creaci\u00f3n de prototipos y el desarrollo de aplicaciones de an\u00e1lisis mide morfolog\u00eda matem\u00e1tica\" \/>\n<meta name=\"robots\" content=\"index, follow, max-snippet:-1, max-image-preview:large, max-video-preview:-1\" \/>\n<link rel=\"canonical\" href=\"https:\/\/www.adcis.net\/es\/aphelion-dev-es\/\" \/>\n<meta property=\"og:locale\" content=\"fr_FR\" \/>\n<meta property=\"og:type\" content=\"article\" \/>\n<meta property=\"og:title\" content=\"Aphelion Dev - ADCIS\" \/>\n<meta property=\"og:description\" content=\"Software de procesamiento de im\u00e1genes para la creaci\u00f3n de prototipos y el desarrollo de aplicaciones de an\u00e1lisis mide morfolog\u00eda matem\u00e1tica\" \/>\n<meta property=\"og:url\" content=\"https:\/\/www.adcis.net\/es\/aphelion-dev-es\/\" \/>\n<meta property=\"og:site_name\" content=\"ADCIS\" \/>\n<meta property=\"article:publisher\" content=\"http:\/\/www.facebook.com\/pages\/ADCIS\/128595650549725\" \/>\n<meta property=\"article:modified_time\" content=\"2025-10-17T15:37:16+00:00\" \/>\n<meta name=\"twitter:card\" content=\"summary_large_image\" \/>\n<meta name=\"twitter:site\" content=\"@ADCIS4\" \/>\n<meta name=\"twitter:label1\" content=\"Dur\u00e9e de lecture estim\u00e9e\" \/>\n\t<meta name=\"twitter:data1\" content=\"3 minutes\" \/>\n<script type=\"application\/ld+json\" class=\"yoast-schema-graph\">{\"@context\":\"https:\\\/\\\/schema.org\",\"@graph\":[{\"@type\":\"WebPage\",\"@id\":\"https:\\\/\\\/www.adcis.net\\\/es\\\/aphelion-dev-es\\\/\",\"url\":\"https:\\\/\\\/www.adcis.net\\\/es\\\/aphelion-dev-es\\\/\",\"name\":\"Aphelion Dev - ADCIS\",\"isPartOf\":{\"@id\":\"https:\\\/\\\/www.adcis.net\\\/#website\"},\"datePublished\":\"2019-01-02T17:09:42+00:00\",\"dateModified\":\"2025-10-17T15:37:16+00:00\",\"description\":\"Software de procesamiento de im\u00e1genes para la creaci\u00f3n de prototipos y el desarrollo de aplicaciones de an\u00e1lisis mide morfolog\u00eda matem\u00e1tica\",\"breadcrumb\":{\"@id\":\"https:\\\/\\\/www.adcis.net\\\/es\\\/aphelion-dev-es\\\/#breadcrumb\"},\"inLanguage\":\"fr-FR\",\"potentialAction\":[{\"@type\":\"ReadAction\",\"target\":[\"https:\\\/\\\/www.adcis.net\\\/es\\\/aphelion-dev-es\\\/\"]}]},{\"@type\":\"BreadcrumbList\",\"@id\":\"https:\\\/\\\/www.adcis.net\\\/es\\\/aphelion-dev-es\\\/#breadcrumb\",\"itemListElement\":[{\"@type\":\"ListItem\",\"position\":1,\"name\":\"Accueil\",\"item\":\"https:\\\/\\\/www.adcis.net\\\/en\\\/home\\\/\"},{\"@type\":\"ListItem\",\"position\":2,\"name\":\"Aphelion Dev\"}]},{\"@type\":\"WebSite\",\"@id\":\"https:\\\/\\\/www.adcis.net\\\/#website\",\"url\":\"https:\\\/\\\/www.adcis.net\\\/\",\"name\":\"ADCIS\",\"description\":\"Site de la soci\u00e9t\u00e9 ADCIS\",\"publisher\":{\"@id\":\"https:\\\/\\\/www.adcis.net\\\/#organization\"},\"potentialAction\":[{\"@type\":\"SearchAction\",\"target\":{\"@type\":\"EntryPoint\",\"urlTemplate\":\"https:\\\/\\\/www.adcis.net\\\/?s={search_term_string}\"},\"query-input\":{\"@type\":\"PropertyValueSpecification\",\"valueRequired\":true,\"valueName\":\"search_term_string\"}}],\"inLanguage\":\"fr-FR\"},{\"@type\":\"Organization\",\"@id\":\"https:\\\/\\\/www.adcis.net\\\/#organization\",\"name\":\"ADCIS\",\"url\":\"https:\\\/\\\/www.adcis.net\\\/\",\"logo\":{\"@type\":\"ImageObject\",\"inLanguage\":\"fr-FR\",\"@id\":\"https:\\\/\\\/www.adcis.net\\\/#\\\/schema\\\/logo\\\/image\\\/\",\"url\":\"https:\\\/\\\/www.adcis.net\\\/wp-content\\\/uploads\\\/2024\\\/03\\\/Adcis-Logo-mobile-fr.png\",\"contentUrl\":\"https:\\\/\\\/www.adcis.net\\\/wp-content\\\/uploads\\\/2024\\\/03\\\/Adcis-Logo-mobile-fr.png\",\"width\":627,\"height\":919,\"caption\":\"ADCIS\"},\"image\":{\"@id\":\"https:\\\/\\\/www.adcis.net\\\/#\\\/schema\\\/logo\\\/image\\\/\"},\"sameAs\":[\"http:\\\/\\\/www.facebook.com\\\/pages\\\/ADCIS\\\/128595650549725\",\"https:\\\/\\\/x.com\\\/ADCIS4\",\"https:\\\/\\\/www.linkedin.com\\\/company\\\/adcis\",\"http:\\\/\\\/www.youtube.com\\\/user\\\/ADCIS1\"]}]}<\/script>\n<!-- \/ Yoast SEO plugin. -->","yoast_head_json":{"title":"Aphelion Dev - ADCIS","description":"Software de procesamiento de im\u00e1genes para la creaci\u00f3n de prototipos y el desarrollo de aplicaciones de an\u00e1lisis mide morfolog\u00eda matem\u00e1tica","robots":{"index":"index","follow":"follow","max-snippet":"max-snippet:-1","max-image-preview":"max-image-preview:large","max-video-preview":"max-video-preview:-1"},"canonical":"https:\/\/www.adcis.net\/es\/aphelion-dev-es\/","og_locale":"fr_FR","og_type":"article","og_title":"Aphelion Dev - ADCIS","og_description":"Software de procesamiento de im\u00e1genes para la creaci\u00f3n de prototipos y el desarrollo de aplicaciones de an\u00e1lisis mide morfolog\u00eda matem\u00e1tica","og_url":"https:\/\/www.adcis.net\/es\/aphelion-dev-es\/","og_site_name":"ADCIS","article_publisher":"http:\/\/www.facebook.com\/pages\/ADCIS\/128595650549725","article_modified_time":"2025-10-17T15:37:16+00:00","twitter_card":"summary_large_image","twitter_site":"@ADCIS4","twitter_misc":{"Dur\u00e9e de lecture estim\u00e9e":"3 minutes"},"schema":{"@context":"https:\/\/schema.org","@graph":[{"@type":"WebPage","@id":"https:\/\/www.adcis.net\/es\/aphelion-dev-es\/","url":"https:\/\/www.adcis.net\/es\/aphelion-dev-es\/","name":"Aphelion Dev - ADCIS","isPartOf":{"@id":"https:\/\/www.adcis.net\/#website"},"datePublished":"2019-01-02T17:09:42+00:00","dateModified":"2025-10-17T15:37:16+00:00","description":"Software de procesamiento de im\u00e1genes para la creaci\u00f3n de prototipos y el desarrollo de aplicaciones de an\u00e1lisis mide morfolog\u00eda matem\u00e1tica","breadcrumb":{"@id":"https:\/\/www.adcis.net\/es\/aphelion-dev-es\/#breadcrumb"},"inLanguage":"fr-FR","potentialAction":[{"@type":"ReadAction","target":["https:\/\/www.adcis.net\/es\/aphelion-dev-es\/"]}]},{"@type":"BreadcrumbList","@id":"https:\/\/www.adcis.net\/es\/aphelion-dev-es\/#breadcrumb","itemListElement":[{"@type":"ListItem","position":1,"name":"Accueil","item":"https:\/\/www.adcis.net\/en\/home\/"},{"@type":"ListItem","position":2,"name":"Aphelion Dev"}]},{"@type":"WebSite","@id":"https:\/\/www.adcis.net\/#website","url":"https:\/\/www.adcis.net\/","name":"ADCIS","description":"Site de la soci\u00e9t\u00e9 ADCIS","publisher":{"@id":"https:\/\/www.adcis.net\/#organization"},"potentialAction":[{"@type":"SearchAction","target":{"@type":"EntryPoint","urlTemplate":"https:\/\/www.adcis.net\/?s={search_term_string}"},"query-input":{"@type":"PropertyValueSpecification","valueRequired":true,"valueName":"search_term_string"}}],"inLanguage":"fr-FR"},{"@type":"Organization","@id":"https:\/\/www.adcis.net\/#organization","name":"ADCIS","url":"https:\/\/www.adcis.net\/","logo":{"@type":"ImageObject","inLanguage":"fr-FR","@id":"https:\/\/www.adcis.net\/#\/schema\/logo\/image\/","url":"https:\/\/www.adcis.net\/wp-content\/uploads\/2024\/03\/Adcis-Logo-mobile-fr.png","contentUrl":"https:\/\/www.adcis.net\/wp-content\/uploads\/2024\/03\/Adcis-Logo-mobile-fr.png","width":627,"height":919,"caption":"ADCIS"},"image":{"@id":"https:\/\/www.adcis.net\/#\/schema\/logo\/image\/"},"sameAs":["http:\/\/www.facebook.com\/pages\/ADCIS\/128595650549725","https:\/\/x.com\/ADCIS4","https:\/\/www.linkedin.com\/company\/adcis","http:\/\/www.youtube.com\/user\/ADCIS1"]}]}},"_links":{"self":[{"href":"https:\/\/www.adcis.net\/index.php\/wp-json\/wp\/v2\/pages\/1662","targetHints":{"allow":["GET"]}}],"collection":[{"href":"https:\/\/www.adcis.net\/index.php\/wp-json\/wp\/v2\/pages"}],"about":[{"href":"https:\/\/www.adcis.net\/index.php\/wp-json\/wp\/v2\/types\/page"}],"author":[{"embeddable":true,"href":"https:\/\/www.adcis.net\/index.php\/wp-json\/wp\/v2\/users\/4"}],"replies":[{"embeddable":true,"href":"https:\/\/www.adcis.net\/index.php\/wp-json\/wp\/v2\/comments?post=1662"}],"version-history":[{"count":27,"href":"https:\/\/www.adcis.net\/index.php\/wp-json\/wp\/v2\/pages\/1662\/revisions"}],"predecessor-version":[{"id":11104,"href":"https:\/\/www.adcis.net\/index.php\/wp-json\/wp\/v2\/pages\/1662\/revisions\/11104"}],"wp:attachment":[{"href":"https:\/\/www.adcis.net\/index.php\/wp-json\/wp\/v2\/media?parent=1662"}],"curies":[{"name":"wp","href":"https:\/\/api.w.org\/{rel}","templated":true}]}}